{"id":2179,"date":"2014-11-27T09:22:26","date_gmt":"2014-11-27T09:22:26","guid":{"rendered":"http:\/\/advanced-products.d-effe.it\/our-patents-2\/"},"modified":"2014-12-16T09:59:30","modified_gmt":"2014-12-16T09:59:30","slug":"nuestras-patentes","status":"publish","type":"page","link":"https:\/\/advanced-products.d-effe.it\/es\/nuestras-patentes\/","title":{"rendered":"Nuestras patentes"},"content":{"rendered":"<h2 id=\"custom-title-h2-1\" class=\"ui--animation \" style=\"text-align: center; margin-top: 50px; margin-bottom: 6px; \"><strong>NUESTRAS PATENTES<\/strong><\/h2><h4 id=\"custom-title-h4-1\" class=\"ui--animation \" style=\"text-align: center; \">Nuestras patentes protegen el ingenio de nuestros ingenieros y la confianza de nuestros clientes,<\/br>garantizar que el valor a\u00f1adido que representa la originalidad y calidad de nuestros productos.<\/h4><div class=\"ui-row row\">\n <div   class=\"ui-column span4\"><div class=\"ui--box-widget\"><div class=\"ui--block ui--content-item ui--pass ui--animation\"><div  class=\"ui--content-box ui--box ui-row\"><div class=\"ui--content-box-header\"><div class=\"ui--content-box-media effect--fade type--default clearfix ratio-original\"><a class=\"ui--content-box-link\" href=\"http:\/\/advanced-products.d-effe.it\/es\/products\/pedestales-para-estructuras-para-pisos-elevados-qbase\/\"><div class=\"ui--content-box-image-default\"><img decoding=\"async\"  class=\"ui--content-box-image\" src=\"http:\/\/advanced-products.d-effe.it\/wp-content\/uploads\/2014\/11\/Qbase-Brevetto_square.jpg\" alt=\"\" title=\"\"\/><\/div><\/a><\/div><a class=\"ui--content-box-link\" href=\"http:\/\/advanced-products.d-effe.it\/es\/products\/pedestales-para-estructuras-para-pisos-elevados-qbase\/\"><div class=\"ui--content-box-title ui--gradient ui--gradient-grey on--hover clearfix text-center\"><h5 class=\"ui--content-box-title-text\"><strong>QBASE<\/strong><\/h5><h6 class=\"ui--content-box-title-caption\">Patente de producto<\/h6><\/div><\/a><\/div><div class=\"ui--content-box-content\"><div class=\"ui--content-box-content-text\"><p>Tubular de secci\u00f3n cuadrada. D-Effe gestiona completamente en su f\u00e1brica el proceso productivo para realizar el tubular de secci\u00f3n cuadrada QBASE. La chapa pregalvanizada de elevada resistencia est\u00e1 conformada en fr\u00edo y, luego, se solda a la base garantizando m\u00e1xima resistencia y m\u00ednimas vibraciones.<\/p>\n<div class=\"text-center ui--animation ui--button-wrapper\" style=\"\">\n<div class=\"ui--inline-block\"><a class=\"btn btn-medium btn-icon-left btn-primary radius-3px\" href=\"http:\/\/advanced-products.d-effe.it\/es\/products\/pedestales-para-estructuras-para-pisos-elevados-qbase\/\">Ver QBASE<\/a> <\/p>\n<div class=\"ui--shadow ui--shadow-type-5 ui--shadow-abs clearfix\"><img decoding=\"async\" src=\"https:\/\/advanced-products.d-effe.it\/wp-content\/themes\/envision\/includes\/modules\/module.shadow\/shadows\/shadow-5.png\" alt=\"\" \/><\/div>\n<\/div>\n<\/div>\n<\/div><\/div><\/div><div class=\"ui--shadow ui--shadow-type-8 ui--shadow-abs ui--shadow-reset clearfix\"><img decoding=\"async\" src=\"https:\/\/advanced-products.d-effe.it\/wp-content\/themes\/envision\/includes\/modules\/module.shadow\/shadows\/shadow-8.png\" alt=\"\" \/><\/div><\/div><\/div><\/div> \n\n <div   class=\"ui-column span4\"><div class=\"ui--box-widget\"><div class=\"ui--block ui--content-item ui--pass ui--animation\"><div  class=\"ui--content-box ui--box ui-row\"><div class=\"ui--content-box-header\"><div class=\"ui--content-box-media effect--fade type--default clearfix ratio-original\"><a class=\"ui--content-box-link\" href=\"http:\/\/advanced-products.d-effe.it\/es\/products\/pedestales-para-estructuras-para-pisos-elevados-powerbase\/\"><div class=\"ui--content-box-image-default\"><img decoding=\"async\"  class=\"ui--content-box-image\" src=\"http:\/\/advanced-products.d-effe.it\/wp-content\/uploads\/2014\/11\/Powerbase-Brevetto_square.jpg\" alt=\"\" title=\"\"\/><\/div><\/a><\/div><a class=\"ui--content-box-link\" href=\"http:\/\/advanced-products.d-effe.it\/es\/products\/pedestales-para-estructuras-para-pisos-elevados-powerbase\/\"><div class=\"ui--content-box-title ui--gradient ui--gradient-grey on--hover clearfix text-center\"><h5 class=\"ui--content-box-title-text\"><strong>POWERBASE<\/strong><\/h5><h6 class=\"ui--content-box-title-caption\">Patente de producto<\/h6><\/div><\/a><\/div><div class=\"ui--content-box-content\"><div class=\"ui--content-box-content-text\"><p>Se ajusta desde arriba. Gracias al sistema patentado de regulaci\u00f3n microm\u00e9trica desde la parte superior, la colocaci\u00f3n de la estructura POWERBASE es sumamente sencilla y r\u00e1pida.<\/p>\n<div class=\"text-center ui--animation ui--button-wrapper\" style=\"\">\n<div class=\"ui--inline-block\"><a class=\"btn btn-medium btn-icon-left btn-primary radius-3px\" href=\"http:\/\/advanced-products.d-effe.it\/es\/products\/pedestales-para-estructuras-para-pisos-elevados-powerbase\/\">Ver POWERBASE<\/a> <\/p>\n<div class=\"ui--shadow ui--shadow-type-5 ui--shadow-abs clearfix\"><img decoding=\"async\" src=\"https:\/\/advanced-products.d-effe.it\/wp-content\/themes\/envision\/includes\/modules\/module.shadow\/shadows\/shadow-5.png\" alt=\"\" \/><\/div>\n<\/div>\n<\/div>\n<\/div><\/div><\/div><div class=\"ui--shadow ui--shadow-type-8 ui--shadow-abs ui--shadow-reset clearfix\"><img decoding=\"async\" src=\"https:\/\/advanced-products.d-effe.it\/wp-content\/themes\/envision\/includes\/modules\/module.shadow\/shadows\/shadow-8.png\" alt=\"\" \/><\/div><\/div><\/div><\/div> \n\n <div   class=\"ui-column span4\"><div class=\"ui--box-widget\"><div class=\"ui--block ui--content-item ui--pass ui--animation\"><div  class=\"ui--content-box ui--box ui-row\"><div class=\"ui--content-box-header\"><div class=\"ui--content-box-media effect--fade type--default clearfix ratio-original\"><a class=\"ui--content-box-link\" href=\"http:\/\/advanced-products.d-effe.it\/es\/products\/pedestales-para-estructuras-para-pisos-elevados-ecobase\/\"><div class=\"ui--content-box-image-default\"><img decoding=\"async\"  class=\"ui--content-box-image\" src=\"http:\/\/advanced-products.d-effe.it\/wp-content\/uploads\/2014\/11\/Ecobase-Brevetto_square.jpg\" alt=\"\" title=\"\"\/><\/div><\/a><\/div><a class=\"ui--content-box-link\" href=\"http:\/\/advanced-products.d-effe.it\/es\/products\/pedestales-para-estructuras-para-pisos-elevados-ecobase\/\"><div class=\"ui--content-box-title ui--gradient ui--gradient-grey on--hover clearfix text-center\"><h5 class=\"ui--content-box-title-text\"><strong>ECOBASE<\/strong><\/h5><h6 class=\"ui--content-box-title-caption\">Patente de sistema<\/h6><\/div><\/a><\/div><div class=\"ui--content-box-content\"><div class=\"ui--content-box-content-text\"><p>Bloqueo del tirante en la base del cabezal. En la estructura ECOBASE, el sistema de montaje patentado asegura la completa perpendicularidad entre el tirante y la base del cabezal. <\/p>\n<div class=\"text-center ui--animation ui--button-wrapper\" style=\"\">\n<div class=\"ui--inline-block\"><a class=\"btn btn-medium btn-icon-left btn-primary radius-3px\" href=\"http:\/\/advanced-products.d-effe.it\/es\/products\/pedestales-para-estructuras-para-pisos-elevados-ecobase\/\">Ver ECOBASE<\/a> <\/p>\n<div class=\"ui--shadow ui--shadow-type-5 ui--shadow-abs clearfix\"><img decoding=\"async\" src=\"https:\/\/advanced-products.d-effe.it\/wp-content\/themes\/envision\/includes\/modules\/module.shadow\/shadows\/shadow-5.png\" alt=\"\" \/><\/div>\n<\/div>\n<\/div>\n<\/div><\/div><\/div><div class=\"ui--shadow ui--shadow-type-8 ui--shadow-abs ui--shadow-reset clearfix\"><img decoding=\"async\" src=\"https:\/\/advanced-products.d-effe.it\/wp-content\/themes\/envision\/includes\/modules\/module.shadow\/shadows\/shadow-8.png\" alt=\"\" \/><\/div><\/div><\/div><\/div> \n\n<\/div> \n","protected":false},"excerpt":{"rendered":"<p>NUESTRAS PATENTESNuestras patentes protegen el ingenio de nuestros ingenieros y la confianza de nuestros clientes,garantizar que el valor a\u00f1adido que representa la originalidad y calidad de nuestros productos. QBASEPatente de productoTubular de secci\u00f3n cuadrada. D-Effe gestiona completamente en su f\u00e1brica el proceso productivo para realizar el tubular de secci\u00f3n cuadrada QBASE. La chapa pregalvanizada de [&hellip;]<\/p>\n","protected":false},"author":1,"featured_media":0,"parent":0,"menu_order":0,"comment_status":"open","ping_status":"closed","template":"","meta":{"footnotes":""},"_links":{"self":[{"href":"https:\/\/advanced-products.d-effe.it\/es\/wp-json\/wp\/v2\/pages\/2179"}],"collection":[{"href":"https:\/\/advanced-products.d-effe.it\/es\/wp-json\/wp\/v2\/pages"}],"about":[{"href":"https:\/\/advanced-products.d-effe.it\/es\/wp-json\/wp\/v2\/types\/page"}],"author":[{"embeddable":true,"href":"https:\/\/advanced-products.d-effe.it\/es\/wp-json\/wp\/v2\/users\/1"}],"replies":[{"embeddable":true,"href":"https:\/\/advanced-products.d-effe.it\/es\/wp-json\/wp\/v2\/comments?post=2179"}],"version-history":[{"count":2,"href":"https:\/\/advanced-products.d-effe.it\/es\/wp-json\/wp\/v2\/pages\/2179\/revisions"}],"predecessor-version":[{"id":2185,"href":"https:\/\/advanced-products.d-effe.it\/es\/wp-json\/wp\/v2\/pages\/2179\/revisions\/2185"}],"wp:attachment":[{"href":"https:\/\/advanced-products.d-effe.it\/es\/wp-json\/wp\/v2\/media?parent=2179"}],"curies":[{"name":"wp","href":"https:\/\/api.w.org\/{rel}","templated":true}]}}