{"id":2066,"date":"2014-12-02T10:50:06","date_gmt":"2014-12-02T10:50:06","guid":{"rendered":"http:\/\/advanced-products.d-effe.it\/world-projects-2\/"},"modified":"2014-12-15T09:14:36","modified_gmt":"2014-12-15T09:14:36","slug":"world-projects","status":"publish","type":"page","link":"https:\/\/advanced-products.d-effe.it\/es\/world-projects\/","title":{"rendered":"Proyectos en el mundo"},"content":{"rendered":"<div  class=\"fullwidth-content ui--section clearfix\" style=\"margin-top: -30px;\"><div  class=\"ui--section-content\"><div class=\"container\"><div class=\"ui--image-wrap clearfix\"><img decoding=\"async\"  id=\"ui--image-1\" class=\"ui--image ui--animation\" src=\"http:\/\/advanced-products.d-effe.it\/wp-content\/uploads\/2015\/01\/world-map2.jpg\" alt=\"\" title=\"\" data-at2x=\"\"\/><\/div><\/div><\/div><\/div><!-- \/.fullwidth-container --><div class=\"ui-row row\">\n <div   class=\"ui-column span6\"><div class=\"ui--title ui--animation ui--title-bordered text-left\"><div class=\"ui--title-holder\"><h3 class=\"ui--title-text\"><reference>Italia<\/reference><\/h3><div class=\"ui--title-borders ui--title-border-left\"><\/div><div class=\"ui--title-borders ui--title-border-right\"><\/div><\/div><\/div><div class=\"ui-row row\">\n <div   class=\"ui-column span6\"><ul class=\"ui--list list-circle parent-1\"><li class=\"child-1 total-6 ui--animation\"> Aeropuerto de Linate <\/li><li class=\"child-2 total-6 ui--animation\"> Aeropuerto de Malpensa <\/li><li class=\"child-3 total-6 ui--animation\"> Casino de Campione <\/li><li class=\"child-4 total-6 ui--animation\"> Castel Romano Center <\/li><li class=\"child-5 total-6 ui--animation\"> Centro formaci\u00f3n Credito Artigiano <\/li><li class=\"child-6 total-6 ui--animation\">  Ayuntamiento de B\u00e9rgamo <\/li>  <\/ul><\/div> \n\n <div   class=\"ui-column span6\"><ul class=\"ui--list list-circle parent-2\"><li class=\"child-1 total-6 ui--animation\"> Fiat <\/li><li class=\"child-2 total-6 ui--animation\"> Orsero <\/li><li class=\"child-3 total-6 ui--animation\"> Palacio de hielo de Mil\u00e1n <\/li><li class=\"child-4 total-6 ui--animation\"> Piaggio <\/li><li class=\"child-5 total-6 ui--animation\"> Polit\u00e9cnico de Tur\u00edn <\/li><li class=\"child-6 total-6 ui--animation\"> Tecniche Nuove <\/li>  <\/ul><\/div> \n\n<\/div><\/div> \n\n <div   class=\"ui-column span6\"><div class=\"ui--title ui--animation ui--title-bordered text-left\"><div class=\"ui--title-holder\"><h3 class=\"ui--title-text\"><reference>Resto del mundo<\/reference><\/h3><div class=\"ui--title-borders ui--title-border-left\"><\/div><div class=\"ui--title-borders ui--title-border-right\"><\/div><\/div><\/div><div class=\"ui-row row\">\n <div   class=\"ui-column span6\"><ul class=\"ui--list list-circle parent-3\"><li class=\"child-1 total-4 ui--animation\"> <reference>Chile<\/reference><\/BR> Oficinas <\/li><li class=\"child-2 total-4 ui--animation\"> <reference>Chipre<\/reference><\/BR> Oficinas <\/li><li class=\"child-3 total-4 ui--animation\"> <reference>Emiratos \u00c1rabes<\/reference><\/BR>Oficinas<\/BR>Villas <\/li><li class=\"child-4 total-4 ui--animation\"> <reference>L\u00edbano<\/reference><\/BR>Holcom - Beirut <\/li>  <\/ul><\/div> \n\n <div   class=\"ui-column span6\"><ul class=\"ui--list list-circle parent-4\"><li class=\"child-1 total-4 ui--animation\"> <reference>Kuwait<\/reference><\/BR>Oficinas  <\/li><li class=\"child-2 total-4 ui--animation\"> <reference>M\u00e9xico<\/reference><\/BR>Ternium - Monterrey <\/li><li class=\"child-3 total-4 ui--animation\"> <reference>Rusia<\/reference><\/BR>Oficinas \u2013 San Petersburgo <\/li><li class=\"child-4 total-4 ui--animation\"> <reference>Espa\u00f1a<\/reference><br \/>Oficinas - Sevilla<br \/>Oficinas - Santander <\/li>  <\/ul><\/div> \n\n<\/div><\/div> \n\n<\/div> \n<div class=\"portfolio-container-wrapper ui--pass\" data-layout=\"normal\" data-columns=\"3\"><div id=\"portfolio-WNh07\" class=\"portfolio-container layout--normal clearfix\"><div class=\"ui-row row\">\n <div   class=\"ui-column span4\"><div  class=\"ui--content-box ui--box ui--content-item ui--animation ui-row\"><div class=\"ui--content-box-header\"><div class=\"ui--content-box-media effect--fade type--default clearfix\" style=\"padding-bottom: 75%;\"><a class=\"ui--content-box-link\" href=\"https:\/\/advanced-products.d-effe.it\/es\/products\/doha-international-airport\/\"><div class=\"ui--content-box-image-default\"><img decoding=\"async\"  class=\"ui--content-box-image\" src=\"https:\/\/advanced-products.d-effe.it\/wp-content\/uploads\/2014\/11\/doha-570x428.jpg\" alt=\"\" title=\"\"\/><\/div><div class=\"ui--content-box-overlay\"><div class=\"ui--content-box-overlay-background\"><\/div><div class=\"center\"><\/div><\/div><\/a><\/div><a class=\"ui--content-box-link\" href=\"https:\/\/advanced-products.d-effe.it\/es\/products\/doha-international-airport\/\"><div class=\"ui--content-box-title ui--gradient ui--gradient-grey on--hover clearfix text-center\"><h5 class=\"ui--content-box-title-text\">Doha &#8211; Aeropuerto Internacional<\/h5><\/div><\/a><\/div><\/div><\/div> \n\n <div   class=\"ui-column span4\"><div  class=\"ui--content-box ui--box ui--content-item ui--animation ui-row\"><div class=\"ui--content-box-header\"><div class=\"ui--content-box-media effect--fade type--default clearfix\" style=\"padding-bottom: 75%;\"><a class=\"ui--content-box-link\" href=\"https:\/\/advanced-products.d-effe.it\/es\/products\/barcellona-citta-della-giustizia\/\"><div class=\"ui--content-box-image-default\"><img decoding=\"async\"  class=\"ui--content-box-image\" src=\"https:\/\/advanced-products.d-effe.it\/wp-content\/uploads\/2014\/11\/citta-giustizia-570x428.jpg\" alt=\"\" title=\"\"\/><\/div><div class=\"ui--content-box-overlay\"><div class=\"ui--content-box-overlay-background\"><\/div><div class=\"center\"><\/div><\/div><\/a><\/div><a class=\"ui--content-box-link\" href=\"https:\/\/advanced-products.d-effe.it\/es\/products\/barcellona-citta-della-giustizia\/\"><div class=\"ui--content-box-title ui--gradient ui--gradient-grey on--hover clearfix text-center\"><h5 class=\"ui--content-box-title-text\">Barcelona &#8211; Ciudad de la Justicia<\/h5><\/div><\/a><\/div><\/div><\/div> \n\n <div   class=\"ui-column span4\"><div  class=\"ui--content-box ui--box ui--content-item ui--animation ui-row\"><div class=\"ui--content-box-header\"><div class=\"ui--content-box-media effect--fade type--default clearfix\" style=\"padding-bottom: 75%;\"><a class=\"ui--content-box-link\" href=\"https:\/\/advanced-products.d-effe.it\/es\/products\/birmingham-biblioteca-centrale\/\"><div class=\"ui--content-box-image-default\"><img decoding=\"async\"  class=\"ui--content-box-image\" src=\"https:\/\/advanced-products.d-effe.it\/wp-content\/uploads\/2014\/11\/birmingham2-570x428.jpg\" alt=\"\" title=\"\"\/><\/div><div class=\"ui--content-box-overlay\"><div class=\"ui--content-box-overlay-background\"><\/div><div class=\"center\"><\/div><\/div><\/a><\/div><a class=\"ui--content-box-link\" href=\"https:\/\/advanced-products.d-effe.it\/es\/products\/birmingham-biblioteca-centrale\/\"><div class=\"ui--content-box-title ui--gradient ui--gradient-grey on--hover clearfix text-center\"><h5 class=\"ui--content-box-title-text\">Birmingham &#8211; Biblioteca Central<\/h5><\/div><\/a><\/div><\/div><\/div> \n\n<\/div> \n<\/div><\/div>","protected":false},"excerpt":{"rendered":"<p>Italia Aeropuerto de Linate Aeropuerto de Malpensa Casino de Campione Castel Romano Center Centro formaci\u00f3n Credito Artigiano Ayuntamiento de B\u00e9rgamo Fiat Orsero Palacio de hielo de Mil\u00e1n Piaggio Polit\u00e9cnico de Tur\u00edn Tecniche Nuove Resto del mundo Chile Oficinas Chipre Oficinas Emiratos \u00c1rabesOficinasVillas L\u00edbanoHolcom &#8211; Beirut KuwaitOficinas M\u00e9xicoTernium &#8211; Monterrey RusiaOficinas \u2013 San Petersburgo Espa\u00f1aOficinas &#8211; [&hellip;]<\/p>\n","protected":false},"author":1,"featured_media":0,"parent":0,"menu_order":0,"comment_status":"open","ping_status":"closed","template":"","meta":{"footnotes":""},"_links":{"self":[{"href":"https:\/\/advanced-products.d-effe.it\/es\/wp-json\/wp\/v2\/pages\/2066"}],"collection":[{"href":"https:\/\/advanced-products.d-effe.it\/es\/wp-json\/wp\/v2\/pages"}],"about":[{"href":"https:\/\/advanced-products.d-effe.it\/es\/wp-json\/wp\/v2\/types\/page"}],"author":[{"embeddable":true,"href":"https:\/\/advanced-products.d-effe.it\/es\/wp-json\/wp\/v2\/users\/1"}],"replies":[{"embeddable":true,"href":"https:\/\/advanced-products.d-effe.it\/es\/wp-json\/wp\/v2\/comments?post=2066"}],"version-history":[{"count":1,"href":"https:\/\/advanced-products.d-effe.it\/es\/wp-json\/wp\/v2\/pages\/2066\/revisions"}],"predecessor-version":[{"id":2068,"href":"https:\/\/advanced-products.d-effe.it\/es\/wp-json\/wp\/v2\/pages\/2066\/revisions\/2068"}],"wp:attachment":[{"href":"https:\/\/advanced-products.d-effe.it\/es\/wp-json\/wp\/v2\/media?parent=2066"}],"curies":[{"name":"wp","href":"https:\/\/api.w.org\/{rel}","templated":true}]}}