{"id":1794,"date":"2013-07-21T15:18:51","date_gmt":"2013-07-21T15:18:51","guid":{"rendered":"http:\/\/advanced-products.d-effe.it\/about-us-4-2\/"},"modified":"2023-02-03T13:28:22","modified_gmt":"2023-02-03T13:28:22","slug":"d-effe-estructuras-para-pisos-elevados","status":"publish","type":"page","link":"https:\/\/advanced-products.d-effe.it\/es\/d-effe-estructuras-para-pisos-elevados\/","title":{"rendered":"Sobre Nosotros"},"content":{"rendered":"<div class=\"ui--image-wrap clearfix ui--animation\"><div class=\"ui--image-inline-block\"><img decoding=\"async\"  id=\"ui--image-1\" class=\"ui--image\" src=\"http:\/\/advanced-products.d-effe.it\/wp-content\/uploads\/2014\/11\/image-slider.jpg\" alt=\"\" title=\"\" data-at2x=\"\"\/><div class=\"ui--shadow ui--shadow-type-3 ui--shadow-abs clearfix\"><img decoding=\"async\" src=\"https:\/\/advanced-products.d-effe.it\/wp-content\/themes\/envision\/includes\/modules\/module.shadow\/shadows\/shadow-3.png\" alt=\"\" \/><\/div><\/div><\/div><div class=\"ui--title ui--animation ui--title-bordered text-left\"><div class=\"ui--title-holder\"><h2 class=\"ui--title-text\" style=\"color: #f50505 !important;\"><strong>D-Effe Advanced Products<\/strong><\/h2><div class=\"ui--title-borders ui--title-border-left\"><\/div><div class=\"ui--title-borders ui--title-border-right\"><\/div><\/div><\/div><div class=\"ui-row row\">\n <div   class=\"ui-column span6\"><div id=\"ui--gallery-1\" class=\"ui--gallery ui--pass\" data-columns=\"3\"><div class=\"unstyled-all clearfix ui--gallery-wrapper columns-3 \"><div class=\"ui--carousel clearfix\" data-options=\"{&quot;effect&quot;:&quot;&quot;,&quot;auto_rotate&quot;:&quot;0&quot;,&quot;animation_loop&quot;:&quot;FALSE&quot;,&quot;arrows&quot;:true,&quot;rotate_time&quot;:0,&quot;animate&quot;:true}\"><div class=\"slides\"><div class=\"ui-row row\">\n <div   class=\"ui-column span4\"><div class=\"ui--gallery-item ui--animation\"><div class=\"inner\"><a href=\"http:\/\/advanced-products.d-effe.it\/wp-content\/uploads\/2014\/11\/azienda-2.jpg\" data-rel=\"prettyPhoto[ui--gallery-1]\"><img decoding=\"async\" src=\"http:\/\/advanced-products.d-effe.it\/wp-content\/uploads\/2014\/11\/azienda-2-500x500.jpg\" class=\"\" alt=\"D-Effe Advanced Products\"\/><div class=\"ui--gallery-overlay\"><div class=\"center\"><span class=\"btn btn-normal btn-icon-left btn-grey ui--animation\" href=\"#\" style=\"\"><i class=\"ui--icon fontawesome-fullscreen\"><\/i><\/span> <\/div><\/div><\/a><\/div><\/div><\/div> \n\n <div   class=\"ui-column span4\"><div class=\"ui--gallery-item ui--animation\"><div class=\"inner\"><a href=\"http:\/\/advanced-products.d-effe.it\/wp-content\/uploads\/2014\/11\/DF_Automazione-A_2014-1.jpg\" data-rel=\"prettyPhoto[ui--gallery-1]\"><img decoding=\"async\" src=\"http:\/\/advanced-products.d-effe.it\/wp-content\/uploads\/2014\/11\/DF_Automazione-A_2014-1-500x500.jpg\" class=\"\" alt=\"Montaje autom\u00e1tico del cabezal (base+tirante+tuerca).\"\/><div class=\"ui--gallery-overlay\"><div class=\"center\"><span class=\"btn btn-normal btn-icon-left btn-grey ui--animation\" href=\"#\" style=\"\"><i class=\"ui--icon fontawesome-fullscreen\"><\/i><\/span> <\/div><\/div><\/a><\/div><\/div><\/div> \n\n <div   class=\"ui-column span4\"><div class=\"ui--gallery-item ui--animation\"><div class=\"inner\"><a href=\"http:\/\/advanced-products.d-effe.it\/wp-content\/uploads\/2014\/11\/DF_Automazione-B_2014-1.jpg\" data-rel=\"prettyPhoto[ui--gallery-1]\"><img decoding=\"async\" src=\"http:\/\/advanced-products.d-effe.it\/wp-content\/uploads\/2014\/11\/DF_Automazione-B_2014-1-500x500.jpg\" class=\"\" alt=\"Soldadura del pedestal, modelo QBase (base+tubular).\"\/><div class=\"ui--gallery-overlay\"><div class=\"center\"><span class=\"btn btn-normal btn-icon-left btn-grey ui--animation\" href=\"#\" style=\"\"><i class=\"ui--icon fontawesome-fullscreen\"><\/i><\/span> <\/div><\/div><\/a><\/div><\/div><\/div> \n\n<\/div> \n<div class=\"ui-row row\">\n <div   class=\"ui-column span4\"><div class=\"ui--gallery-item ui--animation\"><div class=\"inner\"><a href=\"http:\/\/advanced-products.d-effe.it\/wp-content\/uploads\/2014\/11\/DF_Automazione-Traverse_2014-1.jpg\" data-rel=\"prettyPhoto[ui--gallery-1]\"><img decoding=\"async\" src=\"http:\/\/advanced-products.d-effe.it\/wp-content\/uploads\/2014\/11\/DF_Automazione-Traverse_2014-1-500x500.jpg\" class=\"\" alt=\"Fundici\u00f3n de las viguetas. \"\/><div class=\"ui--gallery-overlay\"><div class=\"center\"><span class=\"btn btn-normal btn-icon-left btn-grey ui--animation\" href=\"#\" style=\"\"><i class=\"ui--icon fontawesome-fullscreen\"><\/i><\/span> <\/div><\/div><\/a><\/div><\/div><\/div> \n\n <div   class=\"ui-column span4\"><div class=\"ui--gallery-item ui--animation\"><div class=\"inner\"><a href=\"http:\/\/advanced-products.d-effe.it\/wp-content\/uploads\/2014\/11\/DF_MagazzinoB-Camion_2014.jpg\" data-rel=\"prettyPhoto[ui--gallery-1]\"><img decoding=\"async\" src=\"http:\/\/advanced-products.d-effe.it\/wp-content\/uploads\/2014\/11\/DF_MagazzinoB-Camion_2014-500x500.jpg\" class=\"\" alt=\"Magazzino\"\/><div class=\"ui--gallery-overlay\"><div class=\"center\"><span class=\"btn btn-normal btn-icon-left btn-grey ui--animation\" href=\"#\" style=\"\"><i class=\"ui--icon fontawesome-fullscreen\"><\/i><\/span> <\/div><\/div><\/a><\/div><\/div><\/div> \n\n<\/div> \n<\/div><\/div><\/div><div class=\"clearfix\"><\/div><\/div><\/div> \n\n <div   class=\"ui-column span6\"><div class=\"auto-format ui--animation\"><p><strong>D-Effe S.r.l. es una empresa din\u00e1mica y flexible cuya filosof\u00eda de vida es seguir fabricando sus productos en Italia con piezas 100% de origen italiano.<\/strong><\/p>\n<p>Cuenta con una experiencia de m\u00e1s de 40 a\u00f1os en el sector del <em>Metal Stamping<\/em> y, con el departamento <em>Advanced Products<\/em>, D-Effe entra en el mercado con sus estructuras para pisos elevados: <strong>tubulares, travesa\u00f1os y accesorios<\/strong>.<\/p>\n<p><strong>D-Effe realiza todo el proceso productivo<\/strong>, desde el estudio y dise\u00f1o a la fabricaci\u00f3n, sirvi\u00e9ndose exclusivamente de <strong>proveedores italianos<\/strong>.<\/p>\n<p>Es as\u00ed que la empresa logra establecer con el Cliente una relaci\u00f3n de <strong>colaboraci\u00f3n<\/strong> y <strong>coproyectaci\u00f3n<\/strong>, suministrando <strong>soluciones personalizadas<\/strong> y <strong>novedosas<\/strong>, algunas incluso patentadas.<\/p>\n<\/div><\/div> \n\n<\/div> \n<div class=\"ui-row row\">\n <div   class=\"ui-column span6\"><div class=\"ui--title ui--animation ui--title-bordered text-left\"><div class=\"ui--title-holder\"><h3 class=\"ui--title-text\"><strong>Nuestros Clientes<\/strong><\/h3><div class=\"ui--title-borders ui--title-border-left\"><\/div><div class=\"ui--title-borders ui--title-border-right\"><\/div><\/div><\/div><div  class=\"ui--icon-box position--left\"><span class=\"ui--icon-box-icon ui--animation\"><img decoding=\"async\" class=\"ui--icon\" src=\"http:\/\/advanced-products.d-effe.it\/wp-content\/uploads\/2014\/11\/find_users-128.png\" alt=\"\" data-at2x=\"\" data-retina-auto=\"1\"\/><\/span><div  class=\"ui--icon-box-content\"><div  class=\"ui--animation ui--icon-box-text text-justify\" data-fx=\"fx--no-effect\"><p>D-Effe produce m\u00e1s de <strong>500.000 m<sup>2<\/sup><\/strong> al a\u00f1o de estructuras. Nuestros clientes son los mayores colocadores de pisos y fabricantes de pisos elevados en <strong>Italia<\/strong>, <strong>Europa<\/strong> y a <strong>nivel mundial<\/strong>.<\/p>\n<p>Nuestra gama de productos ofrece la <strong>soluci\u00f3n ideal para todo tipo de edificio<\/strong>: oficinas p\u00fablicas y particulares, bancos, estructuras industriales, comerciales y hospitalarias, universidades, centros comerciales y tiendas, infraestructuras, showroom, estand de ferias, etc. <\/p>\n<p><strong>D-Effe gestiona directamente el estudio y dise\u00f1o de sus estructuras<\/strong>. La simulaci\u00f3n de la carga en los elementos acabados (3D) y la experiencia en la fabricaci\u00f3n de productos de metal (<em>Metal Stamping<\/em>) nos ayudan a seleccionar los materiales m\u00e1s adecuados para mejorar la rigidez y la resistencia de la estructura a fin de garantizar productos funcionales y estables en el tiempo.<\/p>\n<\/div><\/div><\/div><\/div> \n\n <div   class=\"ui-column span6\"><div class=\"ui--title ui--animation ui--title-bordered text-left\"><div class=\"ui--title-holder\"><h3 class=\"ui--title-text\"><strong>Protecci\u00f3n del Medio Ambiente<\/strong><\/h3><div class=\"ui--title-borders ui--title-border-left\"><\/div><div class=\"ui--title-borders ui--title-border-right\"><\/div><\/div><\/div><div  class=\"ui--icon-box position--left\"><span class=\"ui--icon-box-icon ui--animation\"><img decoding=\"async\" class=\"ui--icon\" src=\"http:\/\/advanced-products.d-effe.it\/wp-content\/uploads\/2014\/11\/home-128.png\" alt=\"\" data-at2x=\"\" data-retina-auto=\"1\"\/><\/span><div  class=\"ui--icon-box-content\"><div  class=\"ui--animation ui--icon-box-text text-justify\" data-fx=\"fx--no-effect\"><p><strong>Proteger el medio ambiente es nuestro objetivo espec\u00edfico.<\/strong>.<\/p>\n<p>Nuestros productos se dise\u00f1an, realizan e instalan de tal manera que se tutelan los seres humanos y el medio ambiente. Ning\u00fan elemento, en su composici\u00f3n, cuenta con cromo hexavalente ni con otra sustancias sumamente peligrosas prohibidas por las normativas EU vigentes.<\/p>\n<p><strong>Calidad Certificada<\/strong><br \/>\nDesde el mes de Abril de 2009 D-Effe cuenta con el certificado <strong>UNI EN ISO 9001:2008 (upgrade to UNI EN ISO 9001:2015)<\/strong>, Sistema de Gesti\u00f3n de la Calidad.<br \/>\nEn los pasos para obtener el certificado nos ha seguido la Entidad de Certificaci\u00f3n T\u00dcV Italia.<\/p>\n<\/div><\/div><\/div><\/div> \n\n<\/div> \n","protected":false},"excerpt":{"rendered":"<p>D-Effe Advanced Products D-Effe S.r.l. es una empresa din\u00e1mica y flexible cuya filosof\u00eda de vida es seguir fabricando sus productos en Italia con piezas 100% de origen italiano. Cuenta con una experiencia de m\u00e1s de 40 a\u00f1os en el sector del Metal Stamping y, con el departamento Advanced Products, D-Effe entra en el mercado con [&hellip;]<\/p>\n","protected":false},"author":1,"featured_media":0,"parent":0,"menu_order":0,"comment_status":"open","ping_status":"closed","template":"","meta":{"footnotes":""},"_links":{"self":[{"href":"https:\/\/advanced-products.d-effe.it\/es\/wp-json\/wp\/v2\/pages\/1794"}],"collection":[{"href":"https:\/\/advanced-products.d-effe.it\/es\/wp-json\/wp\/v2\/pages"}],"about":[{"href":"https:\/\/advanced-products.d-effe.it\/es\/wp-json\/wp\/v2\/types\/page"}],"author":[{"embeddable":true,"href":"https:\/\/advanced-products.d-effe.it\/es\/wp-json\/wp\/v2\/users\/1"}],"replies":[{"embeddable":true,"href":"https:\/\/advanced-products.d-effe.it\/es\/wp-json\/wp\/v2\/comments?post=1794"}],"version-history":[{"count":6,"href":"https:\/\/advanced-products.d-effe.it\/es\/wp-json\/wp\/v2\/pages\/1794\/revisions"}],"predecessor-version":[{"id":2502,"href":"https:\/\/advanced-products.d-effe.it\/es\/wp-json\/wp\/v2\/pages\/1794\/revisions\/2502"}],"wp:attachment":[{"href":"https:\/\/advanced-products.d-effe.it\/es\/wp-json\/wp\/v2\/media?parent=1794"}],"curies":[{"name":"wp","href":"https:\/\/api.w.org\/{rel}","templated":true}]}}