{"id":2177,"date":"2014-11-27T09:22:26","date_gmt":"2014-11-27T09:22:26","guid":{"rendered":"http:\/\/advanced-products.d-effe.it\/our-patents-2\/"},"modified":"2014-12-18T09:15:29","modified_gmt":"2014-12-18T09:15:29","slug":"unsere-patente","status":"publish","type":"page","link":"https:\/\/advanced-products.d-effe.it\/de\/unsere-patente\/","title":{"rendered":"Unsere patente"},"content":{"rendered":"<h2 id=\"custom-title-h2-1\" class=\"ui--animation \" style=\"text-align: center; margin-top: 50px; margin-bottom: 6px; \"><strong>UNSERE PATENTE<\/strong><\/h2><h4 id=\"custom-title-h4-1\" class=\"ui--animation \" style=\"text-align: center; \">Unsere Patente sch\u00fctzen den Einfallsreichtum unserer Ingenieure und das Vertrauen unserer Kunden,<\/br>sicherzustellen dass die Wertsch\u00f6pfung von der Originalit\u00e4t und Qualit\u00e4t unserer Produkte vertreten.<\/h4><div class=\"ui-row row\">\n <div   class=\"ui-column span4\"><div class=\"ui--box-widget\"><div class=\"ui--block ui--content-item ui--pass ui--animation\"><div  class=\"ui--content-box ui--box ui-row\"><div class=\"ui--content-box-header\"><div class=\"ui--content-box-media effect--fade type--default clearfix ratio-original\"><a class=\"ui--content-box-link\" href=\"http:\/\/advanced-products.d-effe.it\/de\/products\/unterkonstruktionen-fur-doppelboden-qbase\/\"><div class=\"ui--content-box-image-default\"><img decoding=\"async\"  class=\"ui--content-box-image\" src=\"http:\/\/advanced-products.d-effe.it\/wp-content\/uploads\/2014\/11\/Qbase-Brevetto_square.jpg\" alt=\"\" title=\"\"\/><\/div><\/a><\/div><a class=\"ui--content-box-link\" href=\"http:\/\/advanced-products.d-effe.it\/de\/products\/unterkonstruktionen-fur-doppelboden-qbase\/\"><div class=\"ui--content-box-title ui--gradient ui--gradient-grey on--hover clearfix text-center\"><h5 class=\"ui--content-box-title-text\"><strong>QBASE<\/strong><\/h5><h6 class=\"ui--content-box-title-caption\">Erzeugnispatent<\/h6><\/div><\/a><\/div><div class=\"ui--content-box-content\"><div class=\"ui--content-box-content-text\"><p>ohr mit quadratischem Querschnitt. Der gesamte fertigungsprozess des Rohres mit quadratischem Querschnitt f\u00fcr die Unterkonstruktion QBASE wird von D-Effe selbst durchgef\u00fchrt. Das vorverzinkte hochfeste Blech wird kaltgeformt und an der fu\u00dfplatte angeschwei\u00dft, um maximale festigkeit und minimale Schwingungen zu gew\u00e4hrleisten.<\/p>\n<div class=\"text-center ui--animation ui--button-wrapper\" style=\"\">\n<div class=\"ui--inline-block\"><a class=\"btn btn-medium btn-icon-left btn-primary radius-3px\" href=\"http:\/\/advanced-products.d-effe.it\/de\/products\/unterkonstruktionen-fur-doppelboden-qbase\/\">Sehen QBASE<\/a> <\/p>\n<div class=\"ui--shadow ui--shadow-type-5 ui--shadow-abs clearfix\"><img decoding=\"async\" src=\"https:\/\/advanced-products.d-effe.it\/wp-content\/themes\/envision\/includes\/modules\/module.shadow\/shadows\/shadow-5.png\" alt=\"\" \/><\/div>\n<\/div>\n<\/div>\n<\/div><\/div><\/div><div class=\"ui--shadow ui--shadow-type-8 ui--shadow-abs ui--shadow-reset clearfix\"><img decoding=\"async\" src=\"https:\/\/advanced-products.d-effe.it\/wp-content\/themes\/envision\/includes\/modules\/module.shadow\/shadows\/shadow-8.png\" alt=\"\" \/><\/div><\/div><\/div><\/div> \n\n <div   class=\"ui-column span4\"><div class=\"ui--box-widget\"><div class=\"ui--block ui--content-item ui--pass ui--animation\"><div  class=\"ui--content-box ui--box ui-row\"><div class=\"ui--content-box-header\"><div class=\"ui--content-box-media effect--fade type--default clearfix ratio-original\"><a class=\"ui--content-box-link\" href=\"http:\/\/advanced-products.d-effe.it\/de\/products\/unterkonstruktionen-fur-doppelboden-powerbase\/\"><div class=\"ui--content-box-image-default\"><img decoding=\"async\"  class=\"ui--content-box-image\" src=\"http:\/\/advanced-products.d-effe.it\/wp-content\/uploads\/2014\/11\/Powerbase-Brevetto_square.jpg\" alt=\"\" title=\"\"\/><\/div><\/a><\/div><a class=\"ui--content-box-link\" href=\"http:\/\/advanced-products.d-effe.it\/de\/products\/unterkonstruktionen-fur-doppelboden-powerbase\/\"><div class=\"ui--content-box-title ui--gradient ui--gradient-grey on--hover clearfix text-center\"><h5 class=\"ui--content-box-title-text\"><strong>POWERBASE<\/strong><\/h5><h6 class=\"ui--content-box-title-caption\">Erzeugnispatent<\/h6><\/div><\/a><\/div><div class=\"ui--content-box-content\"><div class=\"ui--content-box-content-text\"><p>H\u00f6henverstellung von oben. Dank patentiertem System f\u00fcr die mikrometrisch genaue H\u00f6henverstellung ist die Montage der Unterkonstruktion POWERBASE besonders einfach und schnell.<\/p>\n<div class=\"text-center ui--animation ui--button-wrapper\" style=\"\">\n<div class=\"ui--inline-block\"><a class=\"btn btn-medium btn-icon-left btn-primary radius-3px\" href=\"http:\/\/advanced-products.d-effe.it\/de\/products\/unterkonstruktionen-fur-doppelboden-powerbase\/\">Sehen POWERBASE<\/a> <\/p>\n<div class=\"ui--shadow ui--shadow-type-5 ui--shadow-abs clearfix\"><img decoding=\"async\" src=\"https:\/\/advanced-products.d-effe.it\/wp-content\/themes\/envision\/includes\/modules\/module.shadow\/shadows\/shadow-5.png\" alt=\"\" \/><\/div>\n<\/div>\n<\/div>\n<\/div><\/div><\/div><div class=\"ui--shadow ui--shadow-type-8 ui--shadow-abs ui--shadow-reset clearfix\"><img decoding=\"async\" src=\"https:\/\/advanced-products.d-effe.it\/wp-content\/themes\/envision\/includes\/modules\/module.shadow\/shadows\/shadow-8.png\" alt=\"\" \/><\/div><\/div><\/div><\/div> \n\n <div   class=\"ui-column span4\"><div class=\"ui--box-widget\"><div class=\"ui--block ui--content-item ui--pass ui--animation\"><div  class=\"ui--content-box ui--box ui-row\"><div class=\"ui--content-box-header\"><div class=\"ui--content-box-media effect--fade type--default clearfix ratio-original\"><a class=\"ui--content-box-link\" href=\"http:\/\/advanced-products.d-effe.it\/de\/products\/unterkonstruktionen-fur-doppelboden-ecobase\/\"><div class=\"ui--content-box-image-default\"><img decoding=\"async\"  class=\"ui--content-box-image\" src=\"http:\/\/advanced-products.d-effe.it\/wp-content\/uploads\/2014\/11\/Ecobase-Brevetto_square.jpg\" alt=\"\" title=\"\"\/><\/div><\/a><\/div><a class=\"ui--content-box-link\" href=\"http:\/\/advanced-products.d-effe.it\/de\/products\/unterkonstruktionen-fur-doppelboden-ecobase\/\"><div class=\"ui--content-box-title ui--gradient ui--gradient-grey on--hover clearfix text-center\"><h5 class=\"ui--content-box-title-text\"><strong>ECOBASE<\/strong><\/h5><h6 class=\"ui--content-box-title-caption\">Systempatent<\/h6><\/div><\/a><\/div><div class=\"ui--content-box-content\"><div class=\"ui--content-box-content-text\"><p>Befestigung des Gewindebolzens an der Kopfplatte. Bei der Unterkonstruktion ECOBASE stellt das patentierte Montagesystem die absolute Rechtwinkligkeit zwischen Gewindebolzen und Kopfplatte sicher. <\/p>\n<div class=\"text-center ui--animation ui--button-wrapper\" style=\"\">\n<div class=\"ui--inline-block\"><a class=\"btn btn-medium btn-icon-left btn-primary radius-3px\" href=\"http:\/\/advanced-products.d-effe.it\/de\/products\/unterkonstruktionen-fur-doppelboden-ecobase\/\">Sehen ECOBASE<\/a> <\/p>\n<div class=\"ui--shadow ui--shadow-type-5 ui--shadow-abs clearfix\"><img decoding=\"async\" src=\"https:\/\/advanced-products.d-effe.it\/wp-content\/themes\/envision\/includes\/modules\/module.shadow\/shadows\/shadow-5.png\" alt=\"\" \/><\/div>\n<\/div>\n<\/div>\n<\/div><\/div><\/div><div class=\"ui--shadow ui--shadow-type-8 ui--shadow-abs ui--shadow-reset clearfix\"><img decoding=\"async\" src=\"https:\/\/advanced-products.d-effe.it\/wp-content\/themes\/envision\/includes\/modules\/module.shadow\/shadows\/shadow-8.png\" alt=\"\" \/><\/div><\/div><\/div><\/div> \n\n<\/div> \n","protected":false},"excerpt":{"rendered":"<p>UNSERE PATENTEUnsere Patente sch\u00fctzen den Einfallsreichtum unserer Ingenieure und das Vertrauen unserer Kunden,sicherzustellen dass die Wertsch\u00f6pfung von der Originalit\u00e4t und Qualit\u00e4t unserer Produkte vertreten. QBASEErzeugnispatentohr mit quadratischem Querschnitt. Der gesamte fertigungsprozess des Rohres mit quadratischem Querschnitt f\u00fcr die Unterkonstruktion QBASE wird von D-Effe selbst durchgef\u00fchrt. Das vorverzinkte hochfeste Blech wird kaltgeformt und an der fu\u00dfplatte [&hellip;]<\/p>\n","protected":false},"author":1,"featured_media":0,"parent":0,"menu_order":0,"comment_status":"open","ping_status":"closed","template":"","meta":{"footnotes":""},"_links":{"self":[{"href":"https:\/\/advanced-products.d-effe.it\/de\/wp-json\/wp\/v2\/pages\/2177"}],"collection":[{"href":"https:\/\/advanced-products.d-effe.it\/de\/wp-json\/wp\/v2\/pages"}],"about":[{"href":"https:\/\/advanced-products.d-effe.it\/de\/wp-json\/wp\/v2\/types\/page"}],"author":[{"embeddable":true,"href":"https:\/\/advanced-products.d-effe.it\/de\/wp-json\/wp\/v2\/users\/1"}],"replies":[{"embeddable":true,"href":"https:\/\/advanced-products.d-effe.it\/de\/wp-json\/wp\/v2\/comments?post=2177"}],"version-history":[{"count":3,"href":"https:\/\/advanced-products.d-effe.it\/de\/wp-json\/wp\/v2\/pages\/2177\/revisions"}],"predecessor-version":[{"id":2432,"href":"https:\/\/advanced-products.d-effe.it\/de\/wp-json\/wp\/v2\/pages\/2177\/revisions\/2432"}],"wp:attachment":[{"href":"https:\/\/advanced-products.d-effe.it\/de\/wp-json\/wp\/v2\/media?parent=2177"}],"curies":[{"name":"wp","href":"https:\/\/api.w.org\/{rel}","templated":true}]}}