{"id":2064,"date":"2014-12-02T10:50:06","date_gmt":"2014-12-02T10:50:06","guid":{"rendered":"http:\/\/advanced-products.d-effe.it\/world-projects-2\/"},"modified":"2014-12-16T14:01:51","modified_gmt":"2014-12-16T14:01:51","slug":"weltweite-projekte","status":"publish","type":"page","link":"https:\/\/advanced-products.d-effe.it\/de\/weltweite-projekte\/","title":{"rendered":"Weltweite projekte"},"content":{"rendered":"<div  class=\"fullwidth-content ui--section clearfix\" style=\"margin-top: -30px;\"><div  class=\"ui--section-content\"><div class=\"container\"><div class=\"ui--image-wrap clearfix\"><img decoding=\"async\"  id=\"ui--image-1\" class=\"ui--image ui--animation\" src=\"http:\/\/advanced-products.d-effe.it\/wp-content\/uploads\/2015\/01\/world-map2.jpg\" alt=\"\" title=\"\" data-at2x=\"\"\/><\/div><\/div><\/div><\/div><!-- \/.fullwidth-container --><div class=\"ui-row row\">\n <div   class=\"ui-column span6\"><div class=\"ui--title ui--animation ui--title-bordered text-left\"><div class=\"ui--title-holder\"><h3 class=\"ui--title-text\"><reference>Italien<\/reference><\/h3><div class=\"ui--title-borders ui--title-border-left\"><\/div><div class=\"ui--title-borders ui--title-border-right\"><\/div><\/div><\/div><div class=\"ui-row row\">\n <div   class=\"ui-column span6\"><ul class=\"ui--list list-circle parent-1\"><li class=\"child-1 total-6 ui--animation\"> Flughafen Linate  <\/li><li class=\"child-2 total-6 ui--animation\"> Flughafen Malpensa <\/li><li class=\"child-3 total-6 ui--animation\"> Spielcasino von Campione <\/li><li class=\"child-4 total-6 ui--animation\"> Castel Romano Center <\/li><li class=\"child-5 total-6 ui--animation\"> Centro Formazione Credito Artigiano <\/li><li class=\"child-6 total-6 ui--animation\"> Comune di Bergamo <\/li>  <\/ul><\/div> \n\n <div   class=\"ui-column span6\"><ul class=\"ui--list list-circle parent-2\"><li class=\"child-1 total-6 ui--animation\"> Fiat <\/li><li class=\"child-2 total-6 ui--animation\"> Orsero <\/li><li class=\"child-3 total-6 ui--animation\"> Eishalle Mailand <\/li><li class=\"child-4 total-6 ui--animation\"> Piaggio <\/li><li class=\"child-5 total-6 ui--animation\"> Polytechnikum Turin <\/li><li class=\"child-6 total-6 ui--animation\"> Tecniche Nuove <\/li>  <\/ul><\/div> \n\n<\/div><\/div> \n\n <div   class=\"ui-column span6\"><div class=\"ui--title ui--animation ui--title-bordered text-left\"><div class=\"ui--title-holder\"><h3 class=\"ui--title-text\"><reference>Rest der Welt<\/reference><\/h3><div class=\"ui--title-borders ui--title-border-left\"><\/div><div class=\"ui--title-borders ui--title-border-right\"><\/div><\/div><\/div><div class=\"ui-row row\">\n <div   class=\"ui-column span6\"><ul class=\"ui--list list-circle parent-3\"><li class=\"child-1 total-4 ui--animation\"> <reference>Chile<\/reference><\/BR> B\u00fcror\u00e4ume <\/li><li class=\"child-2 total-4 ui--animation\"> <reference>Zypern<\/reference><\/BR>B\u00fcror\u00e4ume <\/li><li class=\"child-3 total-4 ui--animation\"> <reference>Vereinigte Arabische Emirate <\/reference><\/BR>B\u00fcror\u00e4ume <\/BR>villen <\/li><li class=\"child-4 total-4 ui--animation\"> <reference>Libanon<\/reference><\/BR>Holcom - Beirut <\/li>  <\/ul><\/div> \n\n <div   class=\"ui-column span6\"><ul class=\"ui--list list-circle parent-4\"><li class=\"child-1 total-4 ui--animation\"> <reference>Kuwait<\/reference><\/BR>B\u00fcror\u00e4ume  <\/li><li class=\"child-2 total-4 ui--animation\"> <reference>Mexiko<\/reference><\/BR>Ternium - Monterrey <\/li><li class=\"child-3 total-4 ui--animation\"> <reference>Russland<\/reference><\/BR>B\u00fcror\u00e4ume - Sankt Petersburg <\/li><li class=\"child-4 total-4 ui--animation\"> <reference>Spanien<\/reference><br \/>B\u00fcror\u00e4ume \u2013 Sevilla<br \/>B\u00fcror\u00e4ume - Santander <\/li>  <\/ul><\/div> \n\n<\/div><\/div> \n\n<\/div> \n<div class=\"portfolio-container-wrapper ui--pass\" data-layout=\"normal\" data-columns=\"3\"><div id=\"portfolio-evVuT\" class=\"portfolio-container layout--normal clearfix\"><div class=\"ui-row row\">\n <div   class=\"ui-column span4\"><div  class=\"ui--content-box ui--box ui--content-item ui--animation ui-row\"><div class=\"ui--content-box-header\"><div class=\"ui--content-box-media effect--fade type--default clearfix\" style=\"padding-bottom: 75%;\"><a class=\"ui--content-box-link\" href=\"https:\/\/advanced-products.d-effe.it\/de\/products\/doha-international-flughafen\/\"><div class=\"ui--content-box-image-default\"><img decoding=\"async\"  class=\"ui--content-box-image\" src=\"https:\/\/advanced-products.d-effe.it\/wp-content\/uploads\/2014\/11\/doha-570x428.jpg\" alt=\"\" title=\"\"\/><\/div><div class=\"ui--content-box-overlay\"><div class=\"ui--content-box-overlay-background\"><\/div><div class=\"center\"><\/div><\/div><\/a><\/div><a class=\"ui--content-box-link\" href=\"https:\/\/advanced-products.d-effe.it\/de\/products\/doha-international-flughafen\/\"><div class=\"ui--content-box-title ui--gradient ui--gradient-grey on--hover clearfix text-center\"><h5 class=\"ui--content-box-title-text\">Doha \u2013 International Airport<\/h5><\/div><\/a><\/div><\/div><\/div> \n\n <div   class=\"ui-column span4\"><div  class=\"ui--content-box ui--box ui--content-item ui--animation ui-row\"><div class=\"ui--content-box-header\"><div class=\"ui--content-box-media effect--fade type--default clearfix\" style=\"padding-bottom: 75%;\"><a class=\"ui--content-box-link\" href=\"https:\/\/advanced-products.d-effe.it\/de\/products\/barcelona-gerichtsviertel\/\"><div class=\"ui--content-box-image-default\"><img decoding=\"async\"  class=\"ui--content-box-image\" src=\"https:\/\/advanced-products.d-effe.it\/wp-content\/uploads\/2014\/11\/citta-giustizia-570x428.jpg\" alt=\"\" title=\"\"\/><\/div><div class=\"ui--content-box-overlay\"><div class=\"ui--content-box-overlay-background\"><\/div><div class=\"center\"><\/div><\/div><\/a><\/div><a class=\"ui--content-box-link\" href=\"https:\/\/advanced-products.d-effe.it\/de\/products\/barcelona-gerichtsviertel\/\"><div class=\"ui--content-box-title ui--gradient ui--gradient-grey on--hover clearfix text-center\"><h5 class=\"ui--content-box-title-text\">Barcelona \u2013 Gerichtsviertel<\/h5><\/div><\/a><\/div><\/div><\/div> \n\n <div   class=\"ui-column span4\"><div  class=\"ui--content-box ui--box ui--content-item ui--animation ui-row\"><div class=\"ui--content-box-header\"><div class=\"ui--content-box-media effect--fade type--default clearfix\" style=\"padding-bottom: 75%;\"><a class=\"ui--content-box-link\" href=\"https:\/\/advanced-products.d-effe.it\/de\/products\/birmingham-zentralbibliothek\/\"><div class=\"ui--content-box-image-default\"><img decoding=\"async\"  class=\"ui--content-box-image\" src=\"https:\/\/advanced-products.d-effe.it\/wp-content\/uploads\/2014\/11\/birmingham2-570x428.jpg\" alt=\"\" title=\"\"\/><\/div><div class=\"ui--content-box-overlay\"><div class=\"ui--content-box-overlay-background\"><\/div><div class=\"center\"><\/div><\/div><\/a><\/div><a class=\"ui--content-box-link\" href=\"https:\/\/advanced-products.d-effe.it\/de\/products\/birmingham-zentralbibliothek\/\"><div class=\"ui--content-box-title ui--gradient ui--gradient-grey on--hover clearfix text-center\"><h5 class=\"ui--content-box-title-text\">Birmingham \u2013 Zentralbibliothek<\/h5><\/div><\/a><\/div><\/div><\/div> \n\n<\/div> \n<\/div><\/div>","protected":false},"excerpt":{"rendered":"<p>Italien Flughafen Linate Flughafen Malpensa Spielcasino von Campione Castel Romano Center Centro Formazione Credito Artigiano Comune di Bergamo Fiat Orsero Eishalle Mailand Piaggio Polytechnikum Turin Tecniche Nuove Rest der Welt Chile B\u00fcror\u00e4ume ZypernB\u00fcror\u00e4ume Vereinigte Arabische Emirate B\u00fcror\u00e4ume villen LibanonHolcom &#8211; Beirut KuwaitB\u00fcror\u00e4ume MexikoTernium &#8211; Monterrey RusslandB\u00fcror\u00e4ume &#8211; Sankt Petersburg SpanienB\u00fcror\u00e4ume \u2013 SevillaB\u00fcror\u00e4ume &#8211; Santander Doha [&hellip;]<\/p>\n","protected":false},"author":1,"featured_media":0,"parent":0,"menu_order":0,"comment_status":"open","ping_status":"closed","template":"","meta":{"footnotes":""},"_links":{"self":[{"href":"https:\/\/advanced-products.d-effe.it\/de\/wp-json\/wp\/v2\/pages\/2064"}],"collection":[{"href":"https:\/\/advanced-products.d-effe.it\/de\/wp-json\/wp\/v2\/pages"}],"about":[{"href":"https:\/\/advanced-products.d-effe.it\/de\/wp-json\/wp\/v2\/types\/page"}],"author":[{"embeddable":true,"href":"https:\/\/advanced-products.d-effe.it\/de\/wp-json\/wp\/v2\/users\/1"}],"replies":[{"embeddable":true,"href":"https:\/\/advanced-products.d-effe.it\/de\/wp-json\/wp\/v2\/comments?post=2064"}],"version-history":[{"count":1,"href":"https:\/\/advanced-products.d-effe.it\/de\/wp-json\/wp\/v2\/pages\/2064\/revisions"}],"predecessor-version":[{"id":2208,"href":"https:\/\/advanced-products.d-effe.it\/de\/wp-json\/wp\/v2\/pages\/2064\/revisions\/2208"}],"wp:attachment":[{"href":"https:\/\/advanced-products.d-effe.it\/de\/wp-json\/wp\/v2\/media?parent=2064"}],"curies":[{"name":"wp","href":"https:\/\/api.w.org\/{rel}","templated":true}]}}