{"id":1792,"date":"2013-07-21T15:18:51","date_gmt":"2013-07-21T15:18:51","guid":{"rendered":"http:\/\/advanced-products.d-effe.it\/about-us-4-2\/"},"modified":"2023-02-03T13:27:43","modified_gmt":"2023-02-03T13:27:43","slug":"d-effe-unterkonstruktionen-fur-doppelboden","status":"publish","type":"page","link":"https:\/\/advanced-products.d-effe.it\/de\/d-effe-unterkonstruktionen-fur-doppelboden\/","title":{"rendered":"\u00dcber uns"},"content":{"rendered":"<div class=\"ui--image-wrap clearfix ui--animation\"><div class=\"ui--image-inline-block\"><img decoding=\"async\"  id=\"ui--image-1\" class=\"ui--image\" src=\"http:\/\/advanced-products.d-effe.it\/wp-content\/uploads\/2014\/11\/image-slider.jpg\" alt=\"\" title=\"\" data-at2x=\"\"\/><div class=\"ui--shadow ui--shadow-type-3 ui--shadow-abs clearfix\"><img decoding=\"async\" src=\"https:\/\/advanced-products.d-effe.it\/wp-content\/themes\/envision\/includes\/modules\/module.shadow\/shadows\/shadow-3.png\" alt=\"\" \/><\/div><\/div><\/div><div class=\"ui--title ui--animation ui--title-bordered text-left\"><div class=\"ui--title-holder\"><h2 class=\"ui--title-text\" style=\"color: #f50505 !important;\"><strong>D-Effe Advanced Products<\/strong><\/h2><div class=\"ui--title-borders ui--title-border-left\"><\/div><div class=\"ui--title-borders ui--title-border-right\"><\/div><\/div><\/div><div class=\"ui-row row\">\n <div   class=\"ui-column span6\"><div id=\"ui--gallery-1\" class=\"ui--gallery ui--pass\" data-columns=\"3\"><div class=\"unstyled-all clearfix ui--gallery-wrapper columns-3 \"><div class=\"ui--carousel clearfix\" data-options=\"{&quot;effect&quot;:&quot;&quot;,&quot;auto_rotate&quot;:&quot;0&quot;,&quot;animation_loop&quot;:&quot;FALSE&quot;,&quot;arrows&quot;:true,&quot;rotate_time&quot;:0,&quot;animate&quot;:true}\"><div class=\"slides\"><div class=\"ui-row row\">\n <div   class=\"ui-column span4\"><div class=\"ui--gallery-item ui--animation\"><div class=\"inner\"><a href=\"http:\/\/advanced-products.d-effe.it\/wp-content\/uploads\/2014\/11\/azienda-2.jpg\" data-rel=\"prettyPhoto[ui--gallery-1]\"><img decoding=\"async\" src=\"http:\/\/advanced-products.d-effe.it\/wp-content\/uploads\/2014\/11\/azienda-2-500x500.jpg\" class=\"\" alt=\"D-Effe Advanced Products\"\/><div class=\"ui--gallery-overlay\"><div class=\"center\"><span class=\"btn btn-normal btn-icon-left btn-grey ui--animation\" href=\"#\" style=\"\"><i class=\"ui--icon fontawesome-fullscreen\"><\/i><\/span> <\/div><\/div><\/a><\/div><\/div><\/div> \n\n <div   class=\"ui-column span4\"><div class=\"ui--gallery-item ui--animation\"><div class=\"inner\"><a href=\"http:\/\/advanced-products.d-effe.it\/wp-content\/uploads\/2014\/11\/DF_Automazione-A_2014-1.jpg\" data-rel=\"prettyPhoto[ui--gallery-1]\"><img decoding=\"async\" src=\"http:\/\/advanced-products.d-effe.it\/wp-content\/uploads\/2014\/11\/DF_Automazione-A_2014-1-500x500.jpg\" class=\"\" alt=\"Automatische Montage des St\u00fctzenkopfes (Kopfplatte+Gewindebolzen+Mutter). \"\/><div class=\"ui--gallery-overlay\"><div class=\"center\"><span class=\"btn btn-normal btn-icon-left btn-grey ui--animation\" href=\"#\" style=\"\"><i class=\"ui--icon fontawesome-fullscreen\"><\/i><\/span> <\/div><\/div><\/a><\/div><\/div><\/div> \n\n <div   class=\"ui-column span4\"><div class=\"ui--gallery-item ui--animation\"><div class=\"inner\"><a href=\"http:\/\/advanced-products.d-effe.it\/wp-content\/uploads\/2014\/11\/DF_Automazione-B_2014-1.jpg\" data-rel=\"prettyPhoto[ui--gallery-1]\"><img decoding=\"async\" src=\"http:\/\/advanced-products.d-effe.it\/wp-content\/uploads\/2014\/11\/DF_Automazione-B_2014-1-500x500.jpg\" class=\"\" alt=\"Schwei\u00dfen des St\u00fctzenfu\u00dfes, Modell QBase (Fu\u00dfplatte+Rohr).\"\/><div class=\"ui--gallery-overlay\"><div class=\"center\"><span class=\"btn btn-normal btn-icon-left btn-grey ui--animation\" href=\"#\" style=\"\"><i class=\"ui--icon fontawesome-fullscreen\"><\/i><\/span> <\/div><\/div><\/a><\/div><\/div><\/div> \n\n<\/div> \n<div class=\"ui-row row\">\n <div   class=\"ui-column span4\"><div class=\"ui--gallery-item ui--animation\"><div class=\"inner\"><a href=\"http:\/\/advanced-products.d-effe.it\/wp-content\/uploads\/2014\/11\/DF_Automazione-Traverse_2014-1.jpg\" data-rel=\"prettyPhoto[ui--gallery-1]\"><img decoding=\"async\" src=\"http:\/\/advanced-products.d-effe.it\/wp-content\/uploads\/2014\/11\/DF_Automazione-Traverse_2014-1-500x500.jpg\" class=\"\" alt=\"Kaltumformen der Traversen.\"\/><div class=\"ui--gallery-overlay\"><div class=\"center\"><span class=\"btn btn-normal btn-icon-left btn-grey ui--animation\" href=\"#\" style=\"\"><i class=\"ui--icon fontawesome-fullscreen\"><\/i><\/span> <\/div><\/div><\/a><\/div><\/div><\/div> \n\n <div   class=\"ui-column span4\"><div class=\"ui--gallery-item ui--animation\"><div class=\"inner\"><a href=\"http:\/\/advanced-products.d-effe.it\/wp-content\/uploads\/2014\/11\/DF_MagazzinoB-Camion_2014.jpg\" data-rel=\"prettyPhoto[ui--gallery-1]\"><img decoding=\"async\" src=\"http:\/\/advanced-products.d-effe.it\/wp-content\/uploads\/2014\/11\/DF_MagazzinoB-Camion_2014-500x500.jpg\" class=\"\" alt=\"Lagerhaus\"\/><div class=\"ui--gallery-overlay\"><div class=\"center\"><span class=\"btn btn-normal btn-icon-left btn-grey ui--animation\" href=\"#\" style=\"\"><i class=\"ui--icon fontawesome-fullscreen\"><\/i><\/span> <\/div><\/div><\/a><\/div><\/div><\/div> \n\n<\/div> \n<\/div><\/div><\/div><div class=\"clearfix\"><\/div><\/div><\/div> \n\n <div   class=\"ui-column span6\"><div class=\"auto-format ui--animation\"><p><strong>D-Effe S.r.l. ist ein dynamisches, flexibles Unternehmen, f\u00fcr das <em>Made in Italy<\/em> ein Kernst\u00fcck der Unternehmensphilosophie ist<\/strong>. D-Effe kann auf einen \u00fcber 40j\u00e4hrigen Erfahrungsschatz im Bereich <em>Metal Stamping<\/em> zur\u00fcckgreifen.<\/p>\n<p>Das Unternehmen stellt sich dem Markt mit der Abteilung Advanced Products und produziert Unterkonstruktionen f\u00fcr Doppelb\u00f6den: <strong>St\u00fctzen, Traversen und Zubeh\u00f6r<\/strong>.<\/p>\n<p>D-Effe \u00fcbernimmt den gesamten Produktionsprozess <strong>von der Entwicklung bis hin zur Fertigung<\/strong> selbst und bedient sich ausschlie\u00dflich <strong>italienischer Zulieferer<\/strong>.<\/p>\n<p>Dies erm\u00f6glicht dem Unternehmen eine echte Partnerschaft mit dem Kunden sowie enge <strong>Zusammenarbeit<\/strong> und die <strong>gemeinsame Entwicklung<\/strong> von <strong>personalisierten und innovativen L\u00f6sungen<\/strong>, von denen einige patentgesch\u00fctzt sind.<\/p>\n<\/div><\/div> \n\n<\/div> \n<div class=\"ui-row row\">\n <div   class=\"ui-column span6\"><div class=\"ui--title ui--animation ui--title-bordered text-left\"><div class=\"ui--title-holder\"><h3 class=\"ui--title-text\"><strong>Unsere Kunden<\/strong><\/h3><div class=\"ui--title-borders ui--title-border-left\"><\/div><div class=\"ui--title-borders ui--title-border-right\"><\/div><\/div><\/div><div  class=\"ui--icon-box position--left\"><span class=\"ui--icon-box-icon ui--animation\"><img decoding=\"async\" class=\"ui--icon\" src=\"http:\/\/advanced-products.d-effe.it\/wp-content\/uploads\/2014\/11\/find_users-128.png\" alt=\"\" data-at2x=\"\" data-retina-auto=\"1\"\/><\/span><div  class=\"ui--icon-box-content\"><div  class=\"ui--animation ui--icon-box-text text-justify\" data-fx=\"fx--no-effect\"><p>D-Effe fertigt j\u00e4hrlich \u00fcber <strong>500.000 m<sup>2<\/sup><\/strong> Unterkonstruktionen. Zu unseren Kunden z\u00e4hlen die f\u00fchrenden Bodenleger und Hersteller von Doppelb\u00f6den in <strong>Italien<\/strong>, <strong>Europa<\/strong> und <strong>\u00dcbersee<\/strong>.<\/p>\n<p>Unsere Produktpalette bietet die ideale L\u00f6sung f\u00fcr jeden Einsatzbereich: Beh\u00f6rden und private B\u00fcror\u00e4ume, Banken, Industrie-, Gewerbe- und Krankenhausanlagen, Universit\u00e4ten, Einkaufszentren und Gesch\u00e4fte, Infrastrukturen, Showrooms und Messest\u00e4nde &#8230;<\/p>\n<p>M\u00f6glich ist das, weil die gesamte Entwicklung der Unterkonstruktionen direkt von D-Effe durchgef\u00fchrt wird.<\/p>\n<p>Die Belastungssimulation durch die Finite-Elemente-Methode (3D) und die Erfahrung in der Bearbeitung von Metallprodukten (<em>Metal Stamping<\/em>) erm\u00f6glichen uns die Wahl der geeignetsten Materialien zur Optimierung von Steifheit und Tragf\u00e4higkeit der Unterkonstruktion, um funktionelle und dauerhaft stabile Produkte zu gew\u00e4hrleisten.<\/p>\n<\/div><\/div><\/div><\/div> \n\n <div   class=\"ui-column span6\"><div class=\"ui--title ui--animation ui--title-bordered text-left\"><div class=\"ui--title-holder\"><h3 class=\"ui--title-text\"><strong>Umweltschutz Wird<\/strong><\/h3><div class=\"ui--title-borders ui--title-border-left\"><\/div><div class=\"ui--title-borders ui--title-border-right\"><\/div><\/div><\/div><div  class=\"ui--icon-box position--left\"><span class=\"ui--icon-box-icon ui--animation\"><img decoding=\"async\" class=\"ui--icon\" src=\"http:\/\/advanced-products.d-effe.it\/wp-content\/uploads\/2014\/11\/home-128.png\" alt=\"\" data-at2x=\"\" data-retina-auto=\"1\"\/><\/span><div  class=\"ui--icon-box-content\"><div  class=\"ui--animation ui--icon-box-text text-justify\" data-fx=\"fx--no-effect\"><p>Umweltschutz wird bei uns gro\u00df geschrieben. Bei Entwicklung, Herstellung und Installation unserer Produkte steht der Schutz von Mensch und Umwelt an erster Stelle.<\/p>\n<p>Alle Bauteile sind frei von sechswertigem Chrom oder sonstigen hochgef\u00e4hrlichen Elementen oder Substanzen verboten von einschl\u00e4gigen EU Vorschriften.<\/p>\n<p><strong>Zertifizierte Qualit\u00e4t<\/strong><br \/>\nSeit April 2009 ist das Qualit\u00e4tsmanagementsystem von D-Effe nach <strong>UNI EN ISO 9001:2008 (upgrade to UNI EN ISO 9001:2015)<\/strong>, zertifiziert.<\/p>\n<p>Die Zertifizierung erfolgte durch den T\u00dcV Italia.<\/p>\n<\/div><\/div><\/div><\/div> \n\n<\/div> \n","protected":false},"excerpt":{"rendered":"<p>D-Effe Advanced Products D-Effe S.r.l. ist ein dynamisches, flexibles Unternehmen, f\u00fcr das Made in Italy ein Kernst\u00fcck der Unternehmensphilosophie ist. D-Effe kann auf einen \u00fcber 40j\u00e4hrigen Erfahrungsschatz im Bereich Metal Stamping zur\u00fcckgreifen. Das Unternehmen stellt sich dem Markt mit der Abteilung Advanced Products und produziert Unterkonstruktionen f\u00fcr Doppelb\u00f6den: St\u00fctzen, Traversen und Zubeh\u00f6r. D-Effe \u00fcbernimmt den [&hellip;]<\/p>\n","protected":false},"author":1,"featured_media":0,"parent":0,"menu_order":0,"comment_status":"open","ping_status":"closed","template":"","meta":{"footnotes":""},"_links":{"self":[{"href":"https:\/\/advanced-products.d-effe.it\/de\/wp-json\/wp\/v2\/pages\/1792"}],"collection":[{"href":"https:\/\/advanced-products.d-effe.it\/de\/wp-json\/wp\/v2\/pages"}],"about":[{"href":"https:\/\/advanced-products.d-effe.it\/de\/wp-json\/wp\/v2\/types\/page"}],"author":[{"embeddable":true,"href":"https:\/\/advanced-products.d-effe.it\/de\/wp-json\/wp\/v2\/users\/1"}],"replies":[{"embeddable":true,"href":"https:\/\/advanced-products.d-effe.it\/de\/wp-json\/wp\/v2\/comments?post=1792"}],"version-history":[{"count":9,"href":"https:\/\/advanced-products.d-effe.it\/de\/wp-json\/wp\/v2\/pages\/1792\/revisions"}],"predecessor-version":[{"id":2501,"href":"https:\/\/advanced-products.d-effe.it\/de\/wp-json\/wp\/v2\/pages\/1792\/revisions\/2501"}],"wp:attachment":[{"href":"https:\/\/advanced-products.d-effe.it\/de\/wp-json\/wp\/v2\/media?parent=1792"}],"curies":[{"name":"wp","href":"https:\/\/api.w.org\/{rel}","templated":true}]}}